{"id":2,"date":"2023-03-08T11:01:52","date_gmt":"2023-03-08T14:01:52","guid":{"rendered":"http:\/\/museus.ufla.br\/documentacao_mhn\/?page_id=2"},"modified":"2023-09-06T11:27:48","modified_gmt":"2023-09-06T14:27:48","slug":"index","status":"publish","type":"page","link":"https:\/\/museus.ufla.br\/documentacao_mhn\/","title":{"rendered":"Museu de Hist\u00f3ria Natural &#8211; MHN"},"content":{"rendered":"\n<div class=\"wp-block-group has-regular-font-size is-content-justification-center is-layout-constrained wp-container-2\" style=\"padding-top:0;padding-right:0;padding-bottom:0;padding-left:0\">\n<p class=\"has-text-align-left has-text-color has-regular-font-size\" style=\"color:#033652\">O Museu de Hist\u00f3ria Natural da Universidade Federal de Lavras (MHN-UFLA) foi criado em 1998 e tem a miss\u00e3o de realizar investiga\u00e7\u00e3o cient\u00edfica e por meio dela, levar essas informa\u00e7\u00f5es \u00e0 comunidade em geral e principalmente aos estudantes do ensino b\u00e1sico e fundamental, visando \u00e0 sensibiliza\u00e7\u00e3o para a preserva\u00e7\u00e3o ambiental e o conhecimento sobre o mundo que nos cerca.<\/p>\n\n\n\n<p class=\"has-text-align-left has-text-color has-regular-font-size\" style=\"color:#033652\">O MHN-UFLA, que integra o conjunto arquitet\u00f4nico Campus Hist\u00f3rico da UFLA, comunica um acervo de pe\u00e7as expositivas, pain\u00e9is explicativos contando o passado da vida no planeta, animais taxidermizados, rochas e minerais e diversos itens de Paleontologia, Biologia, Entomologia, Mineralogia e Zoologia.<\/p>\n\n\n\n<p class=\"has-text-align-left has-text-color has-regular-font-size\" style=\"color:#033652\">Como espa\u00e7o de educa\u00e7\u00e3o n\u00e3o formal, o MHN desenvolve atividades de divulga\u00e7\u00e3o e ensino em Ci\u00eancias, por meio de exposi\u00e7\u00f5es e a\u00e7\u00f5es de democratiza\u00e7\u00e3o e populariza\u00e7\u00e3o cient\u00edfica para o p\u00fablico de Lavras e regi\u00e3o. Essas atividades abarcam diferentes campos do conhecimento, como Astronomia, Biologia, F\u00edsica e Qu\u00edmica e contribuem para fomentar as rela\u00e7\u00f5es com as transforma\u00e7\u00f5es tecnol\u00f3gicas, ambientais, culturais e sociais. Destacam-se as atividades: A ci\u00eancia vai ao cinema, Mostra de filmes Cinema Com Vida, A magia da F\u00edsica e do Universo, Tudo ao redor tem a ver com Qu\u00edmica, Oficinas de Astronomia. Essas a\u00e7\u00f5es s\u00e3o supervisionadas por docentes dos Departamentos de Qu\u00edmica, Biologia, Ci\u00eancias Exatas, Educa\u00e7\u00e3o e agregam a equipe t\u00e9cnica do Museu, bolsistas, estagi\u00e1rios e discentes dos cursos de Licenciatura da UFLA.<\/p>\n\n\n\n<div class=\"wp-block-buttons has-custom-font-size has-huge-font-size is-content-justification-center is-layout-flex wp-container-1\">\n<div class=\"wp-block-button has-custom-width wp-block-button__width-25 has-custom-font-size is-style-fill has-huge-font-size\"><a class=\"wp-block-button__link wp-element-button\" href=\"https:\/\/museus.ufla.br\/documentacao_mhn\/index.php\/colecoes\/\" style=\"border-radius:8px;padding-top:10px;padding-right:10px;padding-bottom:10px;padding-left:10px\">Cole\u00e7\u00f5es<\/a><\/div>\n<\/div>\n\n\n\n<!DOCTYPE html>\n<html lang=\"pt-br\">\n<head>\n  <title>Bootstrap Example<\/title>\n  <meta charset=\"utf-8\">\n  <meta name=\"viewport\" content=\"width=device-width, initial-scale=1\">\n  <link href=\"https:\/\/cdn.jsdelivr.net\/npm\/bootstrap@5.2.3\/dist\/css\/bootstrap.min.css\" rel=\"stylesheet\">\n  <script src=\"https:\/\/cdn.jsdelivr.net\/npm\/bootstrap@5.2.3\/dist\/js\/bootstrap.bundle.min.js\"><\/script>\n<\/head>\n<body>\n\n<h3>&nbsp;<\/h3>\n<h3 style=\"padding-left: 20px; text-align: center;\"><span style=\"color: #003366;\"><strong>Parceiros:<\/strong><\/span><\/h3>\n<p>&nbsp;<\/p>\n<div class=\"container-fluid\">\n<div class=\"row\">\n<div class=\"col-md-3\">&nbsp;<\/div>\n\n\n<div class=\"col-md-2 text-center\"><img decoding=\"async\" loading=\"lazy\" src=\"https:\/\/nintec.ufla.br\/site\/images\/logomarcas\/CNPQ.png\" alt=\"CNPQ\" width=\"151\" height=\"64\" class=\"rounded\" style=\"filter: grayscale(100%) opacity(65%);\" \/><\/div>\n<div class=\"col-md-2 text-center\"><img decoding=\"async\" loading=\"lazy\" src=\"https:\/\/nintec.ufla.br\/site\/images\/logomarcas\/FAPEMIG.png\" alt=\"FAPEMIG\" width=\"139\" height=\"74\" class=\"rounded\" style=\"filter: grayscale(100%) opacity(65%);\" \/><\/div>\n<div class=\"col-md-2 text-center\"><img decoding=\"async\" loading=\"lazy\" src=\"https:\/\/ufla.br\/dcom\/wp-content\/uploads\/2014\/06\/logo-ufla.jpg\" alt=\"UFLA\" width=\"128\" height=\"64\" class=\"rounded\" style=\"filter: grayscale(100%) opacity(65%);\" \/><\/div>\n<div class=\"col-md-2\">&nbsp;<\/div>\n<\/div>\n<\/div>\n<p>&nbsp;<\/p> \n\n<\/body>\n<\/html>\n<\/div>\n\n\n\n<div class=\"wp-block-buttons is-layout-flex\">\n\n<\/div>\n","protected":false},"excerpt":{"rendered":"<p>O Museu de Hist\u00f3ria Natural da Universidade Federal de Lavras (MHN-UFLA) foi criado em 1998 e tem a miss\u00e3o de realizar investiga\u00e7\u00e3o cient\u00edfica e por meio dela, levar essas informa\u00e7\u00f5es \u00e0 comunidade em geral e principalmente aos estudantes do ensino b\u00e1sico e fundamental, visando \u00e0 sensibiliza\u00e7\u00e3o para a preserva\u00e7\u00e3o ambiental e o conhecimento sobre o [&hellip;]<\/p>\n","protected":false},"author":1,"featured_media":0,"parent":0,"menu_order":0,"comment_status":"closed","ping_status":"open","template":"","meta":[],"_links":{"self":[{"href":"https:\/\/museus.ufla.br\/documentacao_mhn\/index.php\/wp-json\/wp\/v2\/pages\/2"}],"collection":[{"href":"https:\/\/museus.ufla.br\/documentacao_mhn\/index.php\/wp-json\/wp\/v2\/pages"}],"about":[{"href":"https:\/\/museus.ufla.br\/documentacao_mhn\/index.php\/wp-json\/wp\/v2\/types\/page"}],"author":[{"embeddable":true,"href":"https:\/\/museus.ufla.br\/documentacao_mhn\/index.php\/wp-json\/wp\/v2\/users\/1"}],"replies":[{"embeddable":true,"href":"https:\/\/museus.ufla.br\/documentacao_mhn\/index.php\/wp-json\/wp\/v2\/comments?post=2"}],"version-history":[{"count":10,"href":"https:\/\/museus.ufla.br\/documentacao_mhn\/index.php\/wp-json\/wp\/v2\/pages\/2\/revisions"}],"predecessor-version":[{"id":8603,"href":"https:\/\/museus.ufla.br\/documentacao_mhn\/index.php\/wp-json\/wp\/v2\/pages\/2\/revisions\/8603"}],"wp:attachment":[{"href":"https:\/\/museus.ufla.br\/documentacao_mhn\/index.php\/wp-json\/wp\/v2\/media?parent=2"}],"curies":[{"name":"wp","href":"https:\/\/api.w.org\/{rel}","templated":true}]}}