{"id":2,"date":"2023-03-08T11:01:52","date_gmt":"2023-03-08T14:01:52","guid":{"rendered":"http:\/\/museus.ufla.br\/documentacao_mbm\/?page_id=2"},"modified":"2023-06-13T12:13:42","modified_gmt":"2023-06-13T15:13:42","slug":"index","status":"publish","type":"page","link":"https:\/\/museus.ufla.br\/documentacao_mbm\/","title":{"rendered":"Museu Bi Moreira &#8211; MBM"},"content":{"rendered":"<figure class=\"wp-block-image aligncenter size-large is-resized is-style-default\"><img decoding=\"async\" loading=\"lazy\" src=\"https:\/\/museus.ufla.br\/documentacao_mbm\/wp-content\/uploads\/2023\/04\/cropped-Imagem_Bi_moreira-1024x601.jpg\" alt=\"\" class=\"wp-image-4189\" width=\"100%\" height=\"100%\" srcset=\"https:\/\/museus.ufla.br\/documentacao_mbm\/wp-content\/uploads\/2023\/04\/cropped-Imagem_Bi_moreira-1024x601.jpg 1024w, https:\/\/museus.ufla.br\/documentacao_mbm\/wp-content\/uploads\/2023\/04\/cropped-Imagem_Bi_moreira-300x176.jpg 300w, https:\/\/museus.ufla.br\/documentacao_mbm\/wp-content\/uploads\/2023\/04\/cropped-Imagem_Bi_moreira-768x451.jpg 768w, https:\/\/museus.ufla.br\/documentacao_mbm\/wp-content\/uploads\/2023\/04\/cropped-Imagem_Bi_moreira-1536x902.jpg 1536w, https:\/\/museus.ufla.br\/documentacao_mbm\/wp-content\/uploads\/2023\/04\/cropped-Imagem_Bi_moreira-205x120.jpg 205w, https:\/\/museus.ufla.br\/documentacao_mbm\/wp-content\/uploads\/2023\/04\/cropped-Imagem_Bi_moreira-480x282.jpg 480w, https:\/\/museus.ufla.br\/documentacao_mbm\/wp-content\/uploads\/2023\/04\/cropped-Imagem_Bi_moreira.jpg 1817w\" sizes=\"(max-width: 1024px) 100vw, 1024px\" \/><figcaption class=\"wp-element-caption\">Museu Bi Moreira<\/figcaption><\/figure>\n\n\n<p>O Museu Bi Moreira tem a miss\u00e3o de ampliar o acesso da sociedade ao patrim\u00f4nio cultural, por meio da pesquisa de acervo, comunica\u00e7\u00e3o e hist\u00f3ria do munic\u00edpio de Lavras-MG e da UFLA. Salvaguarda cole\u00e7\u00f5es hist\u00f3ricas, etnogr\u00e1ficas, arqueol\u00f3gicas, de ci\u00eancia e tecnologia com cerca de 5.000 artefatos. Esses testemunhos, vinculados \u00e0 hist\u00f3ria do munic\u00edpio de Lavras e da UFLA, s\u00e3o elos entre o presente e o passado. Ressalta-se que o pr\u00e9dio \u00c1lvaro Botelho, no qual o Museu est\u00e1 abrigado, \u00e9 protegido pelo \u00f3rg\u00e3o do patrim\u00f4nio cultural municipal e integra o Campus Hist\u00f3rico da UFLA, importante conjunto arquitet\u00f4nico de valor patrimonial e cultural.<\/p>\n\n\n\n<p>O Museu se originou pela iniciativa do jornalista S\u00edlvio do Amaral Moreira (1912-1994), mais conhecido como Bi Moreira. Este, desde jovem come\u00e7ou a coletar pe\u00e7as, fotografias e documentos em diferentes suportes. Em 1980 esta cole\u00e7\u00e3o particular foi encampada pela Escola Superior de Agricultura de Lavras (ESAL), atual UFLA. O Museu Bi Moreira foi oficialmente inaugurado em 09 de setembro de 1983, durante as celebra\u00e7\u00f5es de 75\u00ba anivers\u00e1rio da ESAL.<\/p>\n\n\n\n<p>Atualmente, a \u00e1rea de exposi\u00e7\u00e3o permanente do Museu est\u00e1 passando por um processo de requalifica\u00e7\u00e3o, visando o alargamento das suas fun\u00e7\u00f5es de preserva\u00e7\u00e3o, pesquisa e comunica\u00e7\u00e3o. A abertura do MBM para o p\u00fablico geral est\u00e1 ocorrendo pontualmente, por meio de uma programa\u00e7\u00e3o especial (previamente divulgada) composta por exposi\u00e7\u00f5es tempor\u00e1rias, visitas mediadas, a\u00e7\u00f5es educativas.<\/p>\n\n\n\n<div class=\"wp-block-group has-regular-font-size is-content-justification-center is-layout-constrained wp-container-1\" style=\"padding-top:0;padding-right:0;padding-bottom:0;padding-left:0\">\n<!DOCTYPE html>\n<html lang=\"pt-br\">\n<head>\n  <title>Bootstrap Example<\/title>\n  <meta charset=\"utf-8\">\n  <meta name=\"viewport\" content=\"width=device-width, initial-scale=1\">\n  <link href=\"https:\/\/cdn.jsdelivr.net\/npm\/bootstrap@5.2.3\/dist\/css\/bootstrap.min.css\" rel=\"stylesheet\">\n  <script src=\"https:\/\/cdn.jsdelivr.net\/npm\/bootstrap@5.2.3\/dist\/js\/bootstrap.bundle.min.js\"><\/script>\n<\/head>\n<body>\n\n<h3>&nbsp;<\/h3>\n<h3 style=\"padding-left: 20px; text-align: center;\"><span style=\"color: #003366;\"><strong>Parceiros:<\/strong><\/span><\/h3>\n<p>&nbsp;<\/p>\n<div class=\"container-fluid\">\n<div class=\"row\">\n<div class=\"col-md-3\">&nbsp;<\/div>\n\n\n<div class=\"col-md-2 text-center\"><img decoding=\"async\" loading=\"lazy\" src=\"https:\/\/nintec.ufla.br\/site\/images\/logomarcas\/CNPQ.png\" alt=\"CNPQ\" width=\"151\" height=\"64\" class=\"rounded\" style=\"filter: grayscale(100%) opacity(65%);\" \/><\/div>\n<div class=\"col-md-2 text-center\"><img decoding=\"async\" loading=\"lazy\" src=\"https:\/\/nintec.ufla.br\/site\/images\/logomarcas\/FAPEMIG.png\" alt=\"FAPEMIG\" width=\"139\" height=\"74\" class=\"rounded\" style=\"filter: grayscale(100%) opacity(65%);\" \/><\/div>\n<div class=\"col-md-2 text-center\"><img decoding=\"async\" loading=\"lazy\" src=\"https:\/\/ufla.br\/dcom\/wp-content\/uploads\/2014\/06\/logo-ufla.jpg\" alt=\"UFLA\" width=\"128\" height=\"64\" class=\"rounded\" style=\"filter: grayscale(100%) opacity(65%);\" \/><\/div>\n<div class=\"col-md-2\">&nbsp;<\/div>\n<\/div>\n<\/div>\n<p>&nbsp;<\/p> \n\n<\/body>\n<\/html>\n<\/div>\n","protected":false},"excerpt":{"rendered":"<p>Museu Bi Moreira O Museu Bi Moreira tem a miss\u00e3o de ampliar o acesso da sociedade ao patrim\u00f4nio cultural, por meio da pesquisa de acervo, comunica\u00e7\u00e3o e hist\u00f3ria do munic\u00edpio de Lavras-MG e da UFLA. Salvaguarda cole\u00e7\u00f5es hist\u00f3ricas, etnogr\u00e1ficas, arqueol\u00f3gicas, de ci\u00eancia e tecnologia com cerca de 5.000 artefatos. Esses testemunhos, vinculados \u00e0 hist\u00f3ria do [&hellip;]<\/p>\n","protected":false},"author":1,"featured_media":0,"parent":0,"menu_order":0,"comment_status":"closed","ping_status":"open","template":"","meta":[],"_links":{"self":[{"href":"https:\/\/museus.ufla.br\/documentacao_mbm\/index.php\/wp-json\/wp\/v2\/pages\/2"}],"collection":[{"href":"https:\/\/museus.ufla.br\/documentacao_mbm\/index.php\/wp-json\/wp\/v2\/pages"}],"about":[{"href":"https:\/\/museus.ufla.br\/documentacao_mbm\/index.php\/wp-json\/wp\/v2\/types\/page"}],"author":[{"embeddable":true,"href":"https:\/\/museus.ufla.br\/documentacao_mbm\/index.php\/wp-json\/wp\/v2\/users\/1"}],"replies":[{"embeddable":true,"href":"https:\/\/museus.ufla.br\/documentacao_mbm\/index.php\/wp-json\/wp\/v2\/comments?post=2"}],"version-history":[{"count":25,"href":"https:\/\/museus.ufla.br\/documentacao_mbm\/index.php\/wp-json\/wp\/v2\/pages\/2\/revisions"}],"predecessor-version":[{"id":4881,"href":"https:\/\/museus.ufla.br\/documentacao_mbm\/index.php\/wp-json\/wp\/v2\/pages\/2\/revisions\/4881"}],"wp:attachment":[{"href":"https:\/\/museus.ufla.br\/documentacao_mbm\/index.php\/wp-json\/wp\/v2\/media?parent=2"}],"curies":[{"name":"wp","href":"https:\/\/api.w.org\/{rel}","templated":true}]}}